{"id":63,"date":"2018-07-04T22:38:01","date_gmt":"2018-07-04T20:38:01","guid":{"rendered":"http:\/\/virus.comam.pl\/?page_id=63"},"modified":"2022-12-02T16:31:09","modified_gmt":"2022-12-02T15:31:09","slug":"naprawa-pojazdow-motocykli-nowy-targ-serwis","status":"publish","type":"page","link":"https:\/\/montesa-honda.pl\/?page_id=63","title":{"rendered":"Naprawa Pojazd\u00f3w Motocykli Skuter\u00f3w Quad\u00f3w Skuter\u00f3w \u015anie\u017cnych Kosiarek Pi\u0142 spalinowych Nowy Targ &#8211; Serwis komputer diagnostyczny Ski doo BRP Can-Am Programowanie kluczyk\u00f3w"},"content":{"rendered":"<section class=\"wpb-content-wrapper\"><p>[vc_row equal_height=&#8221;yes&#8221;][vc_column][vc_gallery type=&#8221;flexslider_slide&#8221; interval=&#8221;3&#8243; images=&#8221;5435,5380,5442,5427,5439,5440,5441&#8243; img_size=&#8221;1124&#215;500&#8243;][vc_column_text]<\/p>\n<h4>Nasza firma zajmuje si\u0119 sprzeda\u017c\u0105 motocykli marki Montesa. Posiadamy r\u00f3wnie\u017c serwis pojazd\u00f3w i urz\u0105dze\u0144 spalinowych takich jak:<\/h4>\n<ul>\n<li>\n<h4>Motocykle wszelkiego rodzaju<\/h4>\n<\/li>\n<li>\n<h4>Quady (ATV)<\/h4>\n<\/li>\n<li>\n<h4>Side x Side (UTV)<\/h4>\n<\/li>\n<li>\n<h4>Skutery \u015anie\u017cne<\/h4>\n<\/li>\n<li>\n<h4>Kosiarki<\/h4>\n<\/li>\n<li>\n<h4>Wykaszarki<\/h4>\n<\/li>\n<li>\n<h4>agregaty pr\u0105dotw\u00f3rcze<\/h4>\n<\/li>\n<\/ul>\n<h4>Mamy ponad 25- letnie do\u015bwiadczenie w serwisowaniu i naprawach ro\u017cnego typu pojazd\u00f3w. Gwarantujemy wysok\u0105 jako\u015b\u0107 us\u0142ug, niskie ceny cz\u0119\u015bci zamiennych.<\/h4>\n<h4>Posiadamy te\u017c w ofercie mo\u017cliwo\u015b\u0107 podpi\u0119cia komputera diagnostycznego do takich marek pojazd\u00f3w jak:<\/h4>\n<h4>&#8211;<strong>BRP (Ski-Doo, Sea-doo, Can-Am)<\/strong><\/h4>\n<h4>&#8211;<strong>Polaris<\/strong><\/h4>\n<h4><strong>-Indian motocycle<\/strong><\/h4>\n<h4><strong>-KTM<\/strong><\/h4>\n<h4><strong>-Yamaha<\/strong><\/h4>\n<h4><strong>-Honda<\/strong><\/h4>\n<p>[\/vc_column_text][\/vc_column][vc_column][vc_column_text]<\/p>\n<h4>Oferujemy cz\u0119\u015bci oryginalne i zammieniki oraz akcesoria do nast\u0119puj\u0105cych marek:<\/h4>\n<ul>\n<li>\n<h4>Montesa<\/h4>\n<\/li>\n<li>\n<h4>Honda<\/h4>\n<\/li>\n<li>\n<h4>Gas Gas<\/h4>\n<\/li>\n<li>\n<h4>Yamaha<\/h4>\n<\/li>\n<li>\n<h4>Suzuki<\/h4>\n<\/li>\n<li>\n<h4>Kawasaki<\/h4>\n<\/li>\n<li>\n<h4>Ski-Doo<\/h4>\n<\/li>\n<li>\n<h4>ArcticCat<\/h4>\n<\/li>\n<li>\n<h4>Polaris<\/h4>\n<\/li>\n<li>\n<h4>Can-Am<\/h4>\n<\/li>\n<li>\n<h4>Lynx<\/h4>\n<\/li>\n<li>\n<h4>KTM<\/h4>\n<\/li>\n<li>\n<h4>Husqvarna<\/h4>\n<\/li>\n<\/ul>\n<p>[\/vc_column_text][\/vc_column][\/vc_row]<\/p>\n<\/section>","protected":false},"excerpt":{"rendered":"<p>[vc_row equal_height=&#8221;yes&#8221;][vc_column][vc_gallery type=&#8221;flexslider_slide&#8221; interval=&#8221;3&#8243; images=&#8221;5435,5380,5442,5427,5439,5440,5441&#8243; img_size=&#8221;1124&#215;500&#8243;][vc_column_text] Nasza firma zajmuje si\u0119 sprzeda\u017c\u0105 motocykli marki Montesa. Posiadamy r\u00f3wnie\u017c serwis pojazd\u00f3w i urz\u0105dze\u0144 spalinowych takich jak: Motocykle wszelkiego rodzaju Quady (ATV) Side x Side (UTV) Skutery \u015anie\u017cne Kosiarki Wykaszarki agregaty pr\u0105dotw\u00f3rcze Mamy ponad 25- letnie do\u015bwiadczenie w serwisowaniu i naprawach ro\u017cnego typu pojazd\u00f3w. Gwarantujemy wysok\u0105 jako\u015b\u0107 us\u0142ug, niskie&#8230;<\/p>\n<p class=\"more-link\"><a href=\"https:\/\/montesa-honda.pl\/?page_id=63\"><span>Read More<\/span><i>&#43;<\/i><\/a><\/p>\n","protected":false},"author":1,"featured_media":0,"parent":0,"menu_order":0,"comment_status":"closed","ping_status":"closed","template":"","meta":{"footnotes":"","_links_to":"","_links_to_target":""},"class_list":["post-63","page","type-page","status-publish","hentry"],"_links":{"self":[{"href":"https:\/\/montesa-honda.pl\/index.php?rest_route=\/wp\/v2\/pages\/63"}],"collection":[{"href":"https:\/\/montesa-honda.pl\/index.php?rest_route=\/wp\/v2\/pages"}],"about":[{"href":"https:\/\/montesa-honda.pl\/index.php?rest_route=\/wp\/v2\/types\/page"}],"author":[{"embeddable":true,"href":"https:\/\/montesa-honda.pl\/index.php?rest_route=\/wp\/v2\/users\/1"}],"replies":[{"embeddable":true,"href":"https:\/\/montesa-honda.pl\/index.php?rest_route=%2Fwp%2Fv2%2Fcomments&post=63"}],"version-history":[{"count":21,"href":"https:\/\/montesa-honda.pl\/index.php?rest_route=\/wp\/v2\/pages\/63\/revisions"}],"predecessor-version":[{"id":5471,"href":"https:\/\/montesa-honda.pl\/index.php?rest_route=\/wp\/v2\/pages\/63\/revisions\/5471"}],"wp:attachment":[{"href":"https:\/\/montesa-honda.pl\/index.php?rest_route=%2Fwp%2Fv2%2Fmedia&parent=63"}],"curies":[{"name":"wp","href":"https:\/\/api.w.org\/{rel}","templated":true}]}}