{"id":10,"date":"2018-07-04T21:47:50","date_gmt":"2018-07-04T19:47:50","guid":{"rendered":"http:\/\/virus.comam.pl\/?page_id=10"},"modified":"2023-10-29T09:34:05","modified_gmt":"2023-10-29T08:34:05","slug":"serwis-motocykli-montesa-nowy-targ-strona-glowna","status":"publish","type":"page","link":"https:\/\/montesa-honda.pl\/","title":{"rendered":"Serwis motocykli trialowych enduro cross Montesa Nowy Targ &#8211; Strona G\u0142\u00f3wna"},"content":{"rendered":"<section class=\"wpb-content-wrapper\"><p>[vc_row css=&#8221;.vc_custom_1531120834607{background-image: url(https:\/\/montesa-honda.pl\/wp-content\/uploads\/2018\/07\/st-1.png?id=360) !important;}&#8221;][vc_column width=&#8221;1\/3&#8243;][vc_single_image image=&#8221;5506&#8243; img_size=&#8221;357&#215;257&#8243; alignment=&#8221;center&#8221; css=&#8221;.vc_custom_1698568081154{border-top-width: 1px !important;border-right-width: 1px !important;border-bottom-width: 1px !important;border-left-width: 1px !important;border-left-color: #ffffff !important;border-left-style: solid !important;border-right-color: #ffffff !important;border-right-style: solid !important;border-top-color: #ffffff !important;border-top-style: solid !important;border-bottom-color: #ffffff !important;border-bottom-style: solid !important;}&#8221;][vc_column_text]<\/p>\n<h1 style=\"text-align: center;\"><strong><span style=\"color: #999999;\">Poznaj motocykle na rok 2024<\/span><\/strong><\/h1>\n<p>[\/vc_column_text][vc_btn title=&#8221;ZOBACZ WI\u0118CEJ&#8221; style=&#8221;3d&#8221; color=&#8221;danger&#8221; align=&#8221;center&#8221; button_block=&#8221;true&#8221; link=&#8221;url:http%3A%2F%2Fmontesa-honda.pl%2F%3Fpage_id%3D52|||&#8221;][\/vc_column][vc_column width=&#8221;1\/3&#8243;][vc_single_image image=&#8221;5347&#8243; img_size=&#8221;357&#215;257&#8243; css=&#8221;.vc_custom_1669988333826{border-top-width: 1px !important;border-right-width: 1px !important;border-bottom-width: 1px !important;border-left-width: 1px !important;border-left-color: #ffffff !important;border-right-color: #ffffff !important;border-top-color: #ffffff !important;border-bottom-color: #ffffff !important;}&#8221;][vc_column_text]<\/p>\n<h1 style=\"text-align: center;\"><span style=\"color: #999999;\"><strong>Serwis i mechanika pojazdowa<\/strong><\/span><\/h1>\n<p>[\/vc_column_text][vc_btn title=&#8221;ZOBACZ WI\u0118CEJ&#8221; style=&#8221;3d&#8221; color=&#8221;danger&#8221; align=&#8221;center&#8221; button_block=&#8221;true&#8221; link=&#8221;url:http%3A%2F%2Fmontesa-honda.pl%2F%3Fpage_id%3D63|||&#8221;][\/vc_column][vc_column width=&#8221;1\/3&#8243;][vc_single_image image=&#8221;5324&#8243; img_size=&#8221;357&#215;257&#8243;][vc_column_text]<\/p>\n<h1 style=\"text-align: center;\"><strong><span style=\"color: #999999;\">Cz\u0119\u015bci do motocykli trialowych i enduro<br \/>\n<\/span><\/strong><\/h1>\n<p>[\/vc_column_text][vc_btn title=&#8221;Wi\u0119cej informacji pod nr. 601456406&#8243; style=&#8221;3d&#8221; color=&#8221;mulled-wine&#8221; align=&#8221;center&#8221; button_block=&#8221;true&#8221;][\/vc_column][\/vc_row][vc_row css=&#8221;.vc_custom_1531134583178{background-image: url(https:\/\/montesa-honda.pl\/wp-content\/uploads\/2018\/07\/ts-1.png?id=362) !important;}&#8221;][vc_column width=&#8221;1\/3&#8243;][vc_single_image image=&#8221;2319&#8243; img_size=&#8221;300&#215;300&#8243; style=&#8221;vc_box_border_circle_2&#8243; border_color=&#8221;juicy_pink&#8221;][\/vc_column][vc_column width=&#8221;1\/3&#8243;][vc_single_image image=&#8221;335&#8243; img_size=&#8221;300&#215;300&#8243; style=&#8221;vc_box_border_circle&#8221; border_color=&#8221;pink&#8221;][\/vc_column][vc_column width=&#8221;1\/3&#8243;][vc_custom_heading text=&#8221;Czym si\u0119 zajmuje nasza firma?&#8221; font_container=&#8221;tag:h3|text_align:center|color:%23ffffff&#8221; google_fonts=&#8221;font_family:ABeeZee%3Aregular%2Citalic|font_style:400%20regular%3A400%3Anormal&#8221; link=&#8221;url:http%3A%2F%2Fmontesa-honda.pl%2F%3Fpage_id%3D45|||&#8221;][vc_column_text]Nasza firma zajmuje si\u0119 renowacj\u0105 i kompleksow\u0105 napraw\u0105 motocykli jak i quad\u00f3w wszelkiego rodzaju.<\/p>\n<p>Oferujemy podstawowe serwisy, diagnostyk\u0119 komputerow\u0105 jak i kompleksowe naprawy silnik\u00f3w, zawiesze\u0144, instalacji elektrycznych itp.<\/p>\n<p>Posiadamy tak\u017ce nowe motocykle marki Montesa<\/p>\n<p>Mamy dost\u0119p do cz\u0119\u015bci zamiennych i oryginalnych wielu marek jak i akcesoria.<\/p>\n<p>&nbsp;<\/p>\n<p>&nbsp;<\/p>\n<p>&nbsp;<\/p>\n<p>&nbsp;[\/vc_column_text][\/vc_column][\/vc_row]<\/p>\n<\/section>","protected":false},"excerpt":{"rendered":"<p>[vc_row css=&#8221;.vc_custom_1531120834607{background-image: url(https:\/\/montesa-honda.pl\/wp-content\/uploads\/2018\/07\/st-1.png?id=360) !important;}&#8221;][vc_column width=&#8221;1\/3&#8243;][vc_single_image image=&#8221;5506&#8243; img_size=&#8221;357&#215;257&#8243; alignment=&#8221;center&#8221; css=&#8221;.vc_custom_1698568081154{border-top-width: 1px !important;border-right-width: 1px !important;border-bottom-width: 1px !important;border-left-width: 1px !important;border-left-color: #ffffff !important;border-left-style: solid !important;border-right-color: #ffffff !important;border-right-style: solid !important;border-top-color: #ffffff !important;border-top-style: solid !important;border-bottom-color: #ffffff !important;border-bottom-style: solid !important;}&#8221;][vc_column_text] Poznaj motocykle na rok 2024 [\/vc_column_text][vc_btn title=&#8221;ZOBACZ WI\u0118CEJ&#8221; style=&#8221;3d&#8221; color=&#8221;danger&#8221; align=&#8221;center&#8221; button_block=&#8221;true&#8221; link=&#8221;url:http%3A%2F%2Fmontesa-honda.pl%2F%3Fpage_id%3D52|||&#8221;][\/vc_column][vc_column width=&#8221;1\/3&#8243;][vc_single_image image=&#8221;5347&#8243; img_size=&#8221;357&#215;257&#8243; css=&#8221;.vc_custom_1669988333826{border-top-width: 1px !important;border-right-width: 1px !important;border-bottom-width: 1px&#8230;<\/p>\n<p class=\"more-link\"><a href=\"https:\/\/montesa-honda.pl\/\"><span>Read More<\/span><i>&#43;<\/i><\/a><\/p>\n","protected":false},"author":1,"featured_media":0,"parent":0,"menu_order":0,"comment_status":"closed","ping_status":"closed","template":"","meta":{"footnotes":"","_links_to":"","_links_to_target":""},"class_list":["post-10","page","type-page","status-publish","hentry"],"_links":{"self":[{"href":"https:\/\/montesa-honda.pl\/index.php?rest_route=\/wp\/v2\/pages\/10"}],"collection":[{"href":"https:\/\/montesa-honda.pl\/index.php?rest_route=\/wp\/v2\/pages"}],"about":[{"href":"https:\/\/montesa-honda.pl\/index.php?rest_route=\/wp\/v2\/types\/page"}],"author":[{"embeddable":true,"href":"https:\/\/montesa-honda.pl\/index.php?rest_route=\/wp\/v2\/users\/1"}],"replies":[{"embeddable":true,"href":"https:\/\/montesa-honda.pl\/index.php?rest_route=%2Fwp%2Fv2%2Fcomments&post=10"}],"version-history":[{"count":160,"href":"https:\/\/montesa-honda.pl\/index.php?rest_route=\/wp\/v2\/pages\/10\/revisions"}],"predecessor-version":[{"id":5507,"href":"https:\/\/montesa-honda.pl\/index.php?rest_route=\/wp\/v2\/pages\/10\/revisions\/5507"}],"wp:attachment":[{"href":"https:\/\/montesa-honda.pl\/index.php?rest_route=%2Fwp%2Fv2%2Fmedia&parent=10"}],"curies":[{"name":"wp","href":"https:\/\/api.w.org\/{rel}","templated":true}]}}